{"id":1387,"date":"2020-07-11T21:30:45","date_gmt":"2020-07-11T21:30:45","guid":{"rendered":"https:\/\/impsel.com\/?page_id=1387"},"modified":"2023-08-15T00:16:36","modified_gmt":"2023-08-15T00:16:36","slug":"consejos-utiles","status":"publish","type":"page","link":"https:\/\/impsel.com\/?page_id=1387","title":{"rendered":"Consejos Utiles"},"content":{"rendered":"\t\t<div data-elementor-type=\"wp-page\" data-elementor-id=\"1387\" class=\"elementor elementor-1387\">\n\t\t\t\t\t\t<div class=\"elementor-inner\">\n\t\t\t\t<div class=\"elementor-section-wrap\">\n\t\t\t\t\t\t\t\t\t<section class=\"elementor-section elementor-top-section elementor-element elementor-element-f39cb54 elementor-section-boxed elementor-section-height-default elementor-section-height-default\" data-id=\"f39cb54\" data-element_type=\"section\" data-settings=\"{&quot;shape_divider_top&quot;:&quot;pyramids&quot;,&quot;shape_divider_bottom&quot;:&quot;opacity-fan&quot;}\">\n\t\t\t\t\t<div class=\"elementor-shape elementor-shape-top\" data-negative=\"false\">\n\t\t\t<svg xmlns=\"http:\/\/www.w3.org\/2000\/svg\" viewBox=\"0 0 1000 100\" preserveAspectRatio=\"none\">\n\t<path class=\"elementor-shape-fill\" d=\"M761.9,44.1L643.1,27.2L333.8,98L0,3.8V0l1000,0v3.9\"\/>\n<\/svg>\t\t<\/div>\n\t\t\t\t<div class=\"elementor-shape elementor-shape-bottom\" data-negative=\"false\">\n\t\t\t<svg xmlns=\"http:\/\/www.w3.org\/2000\/svg\" viewBox=\"0 0 283.5 19.6\" preserveAspectRatio=\"none\">\n\t<path class=\"elementor-shape-fill\" style=\"opacity:0.33\" d=\"M0 0L0 18.8 141.8 4.1 283.5 18.8 283.5 0z\"\/>\n\t<path class=\"elementor-shape-fill\" style=\"opacity:0.33\" d=\"M0 0L0 12.6 141.8 4 283.5 12.6 283.5 0z\"\/>\n\t<path class=\"elementor-shape-fill\" style=\"opacity:0.33\" d=\"M0 0L0 6.4 141.8 4 283.5 6.4 283.5 0z\"\/>\n\t<path class=\"elementor-shape-fill\" d=\"M0 0L0 1.2 141.8 4 283.5 1.2 283.5 0z\"\/>\n<\/svg>\t\t<\/div>\n\t\t\t\t\t<div class=\"elementor-container elementor-column-gap-default\">\n\t\t\t\t\t\t\t<div class=\"elementor-row\">\n\t\t\t\t\t<div class=\"elementor-column elementor-col-100 elementor-top-column elementor-element elementor-element-fef4ca0\" data-id=\"fef4ca0\" data-element_type=\"column\">\n\t\t\t<div class=\"elementor-column-wrap elementor-element-populated\">\n\t\t\t\t\t\t\t<div class=\"elementor-widget-wrap\">\n\t\t\t\t\t\t<div class=\"elementor-element elementor-element-de1097a elementor-widget elementor-widget-text-editor\" data-id=\"de1097a\" data-element_type=\"widget\" data-widget_type=\"text-editor.default\">\n\t\t\t\t<div class=\"elementor-widget-container\">\n\t\t\t\t\t\t\t\t<div class=\"elementor-text-editor elementor-clearfix\">\n\t\t\t\t<p style=\"text-align: center;\">Consejos Utiles<\/p>\t\t\t\t\t<\/div>\n\t\t\t\t\t\t<\/div>\n\t\t\t\t<\/div>\n\t\t\t\t<div class=\"elementor-element elementor-element-a0e4f2c elementor-widget elementor-widget-text-editor\" data-id=\"a0e4f2c\" data-element_type=\"widget\" data-widget_type=\"text-editor.default\">\n\t\t\t\t<div class=\"elementor-widget-container\">\n\t\t\t\t\t\t\t\t<div class=\"elementor-text-editor elementor-clearfix\">\n\t\t\t\t<p style=\"text-align: center;\">En esta secci\u00f3n encontrar\u00e1s recomendaciones y tips que te ayudar\u00e1n a generar archivos listos para impresi\u00f3n de alta calidad<\/p>\t\t\t\t\t<\/div>\n\t\t\t\t\t\t<\/div>\n\t\t\t\t<\/div>\n\t\t\t\t\t\t<\/div>\n\t\t\t\t\t<\/div>\n\t\t<\/div>\n\t\t\t\t\t\t\t\t<\/div>\n\t\t\t\t\t<\/div>\n\t\t<\/section>\n\t\t\t\t<section class=\"elementor-section elementor-top-section elementor-element elementor-element-e55e74e elementor-section-boxed elementor-section-height-default elementor-section-height-default\" data-id=\"e55e74e\" data-element_type=\"section\" data-settings=\"{&quot;background_background&quot;:&quot;classic&quot;}\">\n\t\t\t\t\t\t<div class=\"elementor-container elementor-column-gap-default\">\n\t\t\t\t\t\t\t<div class=\"elementor-row\">\n\t\t\t\t\t<div class=\"elementor-column elementor-col-100 elementor-top-column elementor-element elementor-element-66c1336\" data-id=\"66c1336\" data-element_type=\"column\">\n\t\t\t<div class=\"elementor-column-wrap elementor-element-populated\">\n\t\t\t\t\t\t\t<div class=\"elementor-widget-wrap\">\n\t\t\t\t\t\t<div class=\"elementor-element elementor-element-f19292e elementor-widget elementor-widget-text-editor\" data-id=\"f19292e\" data-element_type=\"widget\" data-widget_type=\"text-editor.default\">\n\t\t\t\t<div class=\"elementor-widget-container\">\n\t\t\t\t\t\t\t\t<div class=\"elementor-text-editor elementor-clearfix\">\n\t\t\t\t<ul>\n<li><span style=\"font-family: Calibri, sans-serif; color: #424242; letter-spacing: 0.4pt; background-image: initial; background-position: initial; background-size: initial; background-repeat: initial; background-attachment: initial; background-origin: initial; background-clip: initial;\"><b>PREGUNTAS FRECUENTES<br><\/b><\/span><span style=\"font-family: Calibri, sans-serif; color: #424242; letter-spacing: 0.4pt; background-image: initial; background-position: initial; background-size: initial; background-repeat: initial; background-attachment: initial; background-origin: initial; background-clip: initial;\">Hay alguna caracter\u00edstica o consejos de como debo de enviar mis archivos para evitar errores t\u00e9cnicos al momento de imprimir ?<\/span><\/li>\n<\/ul>\n<p class=\"MsoNormal\" style=\"text-align: justify; line-height: normal; background-image: initial; background-position: initial; background-size: initial; background-repeat: initial; background-attachment: initial; background-origin: initial; background-clip: initial;\"><span style=\"font-size: 12.0pt; mso-fareast-font-family: 'Times New Roman'; mso-bidi-font-family: Tahoma; color: #424242; letter-spacing: .4pt; mso-fareast-language: ES-MX;\">Hay algunos aspectos b\u00e1sicos que debes tomar en cuentas para que tu impresi\u00f3n sea de alta calidad, a continuaci\u00f3n te enumeramos algunos de ellos<\/span><\/p>\n<p class=\"MsoNormal\" style=\"text-align: justify; line-height: normal; background-image: initial; background-position: initial; background-size: initial; background-repeat: initial; background-attachment: initial; background-origin: initial; background-clip: initial;\"><span style=\"font-size: 12.0pt; mso-fareast-font-family: 'Times New Roman'; mso-bidi-font-family: Tahoma; color: #424242; letter-spacing: .4pt; mso-fareast-language: ES-MX;\">&nbsp;<\/span><\/p>\n<p class=\"MsoNormal\" style=\"text-align: justify; line-height: normal; background-image: initial; background-position: initial; background-size: initial; background-repeat: initial; background-attachment: initial; background-origin: initial; background-clip: initial;\"><span style=\"font-size: 12.0pt; mso-fareast-font-family: 'Times New Roman'; mso-bidi-font-family: Tahoma; color: #424242; letter-spacing: .4pt; mso-fareast-language: ES-MX;\">&nbsp;<\/span><span style=\"color: black; font-size: 12pt; letter-spacing: 0.4pt;\">1.- Por un principio quiz\u00e1s lo mas b\u00e1sico pero no menos importante es trabajar en modo CMYK, nunca en RGB puesto que este formato solo es para visualizar en pantalla, &nbsp;as\u00ed como CMYK es exclusivo para impresi\u00f3n, siempre debes trabajar tus archivos en tama\u00f1os reales, es decir, si vas a imprimir un tabloide debes configurar tu \u00e1rea de trabajo con una medida de 43 x 28 cms.<\/span><\/p>\n<p class=\"MsoNormal\" style=\"margin-bottom: 0.0001pt; text-align: justify; line-height: normal; background-image: initial; background-position: initial; background-size: initial; background-repeat: initial; background-attachment: initial; background-origin: initial; background-clip: initial;\"><span style=\"color: black; font-size: 12pt; letter-spacing: 0.4pt;\"><br><\/span><\/p><p class=\"MsoNormal\" style=\"margin-bottom: 0.0001pt; text-align: justify; line-height: normal; background-image: initial; background-position: initial; background-size: initial; background-repeat: initial; background-attachment: initial; background-origin: initial; background-clip: initial;\"><span style=\"color: black; font-size: 12pt; letter-spacing: 0.4pt;\">2.- Tendr\u00e1s que ver, &nbsp;que tipo de papel vas a utilizar en la impresi\u00f3n ya que no es lo mismo un papel poroso que uno liso o uno con brillo o mate, de hecho hay pantoneras para todo tipo de papeles inf\u00f3rmate bien pues esto te ayudar\u00e1 a evitar que tus trabajos se echen a perder.<\/span><span style=\"font-size: 12.0pt; mso-fareast-font-family: 'Times New Roman'; mso-bidi-font-family: Tahoma; color: black; letter-spacing: .4pt; mso-fareast-language: ES-MX;\"><br><\/span><\/p>\n<p class=\"MsoNormal\" style=\"margin-bottom: 0.0001pt; text-align: justify; line-height: normal; background-image: initial; background-position: initial; background-size: initial; background-repeat: initial; background-attachment: initial; background-origin: initial; background-clip: initial;\"><span style=\"font-size: 12.0pt; mso-fareast-font-family: 'Times New Roman'; mso-bidi-font-family: Tahoma; color: #424242; letter-spacing: .4pt; mso-fareast-language: ES-MX;\">&nbsp;<\/span><\/p>\n<p class=\"MsoNormal\" style=\"margin-bottom: 0.0001pt; text-align: justify; line-height: normal; background-image: initial; background-position: initial; background-size: initial; background-repeat: initial; background-attachment: initial; background-origin: initial; background-clip: initial;\"><span style=\"color: black; font-size: 12pt; letter-spacing: 0.4pt;\">3.- Tendr\u00e1s que ver la ganancia de punto que hay en las m\u00e1quinas de tu imprenta, la ganancia de punto es el aumento que sufre el punto de impresi\u00f3n al imprimir, si este punto es muy grande de las im\u00e1genes aunque las tengas bien en pantalla te saldr\u00e1n oscuras y por supuesto, en este paso tambi\u00e9n te puede influir mucho el tipo de papel.<\/span><\/p>\n<p class=\"MsoNormal\" style=\"margin-bottom: 0.0001pt; text-align: justify; line-height: normal; background-image: initial; background-position: initial; background-size: initial; background-repeat: initial; background-attachment: initial; background-origin: initial; background-clip: initial;\"><span style=\"font-size: 12.0pt; mso-fareast-font-family: 'Times New Roman'; mso-bidi-font-family: Tahoma; color: #424242; letter-spacing: .4pt; mso-fareast-language: ES-MX;\">&nbsp;<\/span><\/p>\n<p class=\"MsoNormal\" style=\"margin-bottom: 0.0001pt; text-align: justify; line-height: normal; background-image: initial; background-position: initial; background-size: initial; background-repeat: initial; background-attachment: initial; background-origin: initial; background-clip: initial;\"><span style=\"color: black; font-size: 12pt; letter-spacing: 0.4pt;\">4.- Tienes que saber la lineatura con la que trabaja tu imprenta para cada tipo de papel, pueden ser 85, 150, 175, en fin&#8230;. por lo regular el lineaje que se maneja en la mayor\u00eda de los lugares es 150, si utilizas 175 el punto se hace mas &nbsp;peque\u00f1o y te dar\u00e1 una calidad de imagen muy buena, el problema es que cuantos mas puntos, mas dif\u00edcil es controlar la imagen ya que si un prensista no regula bien la m\u00e1quina a esta lineatura tan alta puede saturar las im\u00e1genes demasiado; afortunadamente en Impresiones Selectas contamos con prensistas altamente capacitados para obtener la mejor calidad de impresi\u00f3n ya que la lineatura que usamos es 205 las mas alta actualmente para impresi\u00f3n.<\/span><\/p>\n<p class=\"MsoNormal\" style=\"margin-bottom: 0.0001pt; text-align: justify; line-height: normal; background-image: initial; background-position: initial; background-size: initial; background-repeat: initial; background-attachment: initial; background-origin: initial; background-clip: initial;\"><span style=\"font-size: 12.0pt; mso-fareast-font-family: 'Times New Roman'; mso-bidi-font-family: Tahoma; color: #424242; letter-spacing: .4pt; mso-fareast-language: ES-MX;\">&nbsp;<\/span><\/p>\n<p class=\"MsoNormal\" style=\"margin-bottom: 0.0001pt; text-align: justify; line-height: normal; background-image: initial; background-position: initial; background-size: initial; background-repeat: initial; background-attachment: initial; background-origin: initial; background-clip: initial;\"><span style=\"color: black; font-size: 12pt; letter-spacing: 0.4pt;\">5.- Debes tener en cuenta el sangrado (rebase) de las im\u00e1genes, lo normal es 3mm., el sangrado ser\u00e1 el espacio que hay por fuera del dise\u00f1o para cuando la guillotina corte no se vea nada de blanco de papel.<\/span><\/p>\n<p class=\"MsoNormal\" style=\"margin-bottom: 0.0001pt; text-align: justify; line-height: normal; background-image: initial; background-position: initial; background-size: initial; background-repeat: initial; background-attachment: initial; background-origin: initial; background-clip: initial;\"><span style=\"font-size: 12.0pt; mso-fareast-font-family: 'Times New Roman'; mso-bidi-font-family: Tahoma; color: #424242; letter-spacing: .4pt; mso-fareast-language: ES-MX;\">&nbsp;<\/span><\/p>\n<p class=\"MsoNormal\" style=\"margin-bottom: 0.0001pt; text-align: justify; line-height: normal; background-image: initial; background-position: initial; background-size: initial; background-repeat: initial; background-attachment: initial; background-origin: initial; background-clip: initial;\"><span style=\"color: black; font-size: 12pt; letter-spacing: 0.4pt;\">6.- Toma en cuenta las marcas de corte y doblez (cuando lo lleve) ya que si no las pones no sabr\u00e1 nadie el tama\u00f1o real y tampoco se podr\u00e1n guiar para su corte.<\/span><\/p>\n<p class=\"MsoNormal\" style=\"margin-bottom: 0.0001pt; text-align: justify; line-height: normal; background-image: initial; background-position: initial; background-size: initial; background-repeat: initial; background-attachment: initial; background-origin: initial; background-clip: initial;\"><span style=\"font-size: 12.0pt; mso-fareast-font-family: 'Times New Roman'; mso-bidi-font-family: Tahoma; color: #424242; letter-spacing: .4pt; mso-fareast-language: ES-MX;\">&nbsp;<\/span><\/p>\n<p class=\"MsoNormal\" style=\"margin-bottom: 0.0001pt; text-align: justify; line-height: normal; background-image: initial; background-position: initial; background-size: initial; background-repeat: initial; background-attachment: initial; background-origin: initial; background-clip: initial;\"><span style=\"color: black; font-size: 12pt; letter-spacing: 0.4pt;\">7.- Si trabajas con pantones deber\u00e1s sobreimprimir algunos colores (solo analiza tu trabajo), las letras de color negro casi&nbsp;<\/span><b style=\"color: black; font-size: 12pt; font-style: inherit; letter-spacing: 0.4pt;\">siempre se sobreimprimen<\/b><span style=\"color: black; font-size: 12pt; letter-spacing: 0.4pt;\">, cuando digo sobreimprimir me refiero a que si tengo una imagen y un texto en negro al sobreimprimir no se ver\u00e1 el blanco del texto debajo, con lo cual no tendr\u00e1 que registrar el C, M, Y y el registro de los textos saldr\u00e1 impecable.<\/span><\/p>\n<p class=\"MsoNormal\" style=\"margin-bottom: 0.0001pt; text-align: justify; line-height: normal; background-image: initial; background-position: initial; background-size: initial; background-repeat: initial; background-attachment: initial; background-origin: initial; background-clip: initial;\"><span style=\"font-size: 12.0pt; mso-fareast-font-family: 'Times New Roman'; mso-bidi-font-family: Tahoma; color: #424242; letter-spacing: .4pt; mso-fareast-language: ES-MX;\">&nbsp;<\/span><\/p>\n<p class=\"MsoNormal\" style=\"margin-bottom: 0.0001pt; text-align: justify; line-height: normal; background-image: initial; background-position: initial; background-size: initial; background-repeat: initial; background-attachment: initial; background-origin: initial; background-clip: initial;\"><span style=\"color: black; font-size: 12pt; letter-spacing: 0.4pt;\">8.- Tendr\u00e1s que imprimir junto a las l\u00edneas de corte las escalas de densidades de color para que las tintas cuando est\u00e9n en m\u00e1quina el prensista las tenga como referencia.<\/span><\/p>\n<p class=\"MsoNormal\" style=\"margin-bottom: 0.0001pt; text-align: justify; line-height: normal; background-image: initial; background-position: initial; background-size: initial; background-repeat: initial; background-attachment: initial; background-origin: initial; background-clip: initial;\"><span style=\"font-size: 12.0pt; mso-fareast-font-family: 'Times New Roman'; mso-bidi-font-family: Tahoma; color: #424242; letter-spacing: .4pt; mso-fareast-language: ES-MX;\">&nbsp;<\/span><\/p>\n<p class=\"MsoNormal\" style=\"margin-bottom: 0.0001pt; text-align: justify; line-height: normal; background-image: initial; background-position: initial; background-size: initial; background-repeat: initial; background-attachment: initial; background-origin: initial; background-clip: initial;\"><span style=\"color: black; font-size: 12pt; letter-spacing: 0.4pt;\">9.- Muchas de estas cosas las puedes utilizar en tu programa de Dise\u00f1o (Illustrator, In Design, Photoshop, etc.) a\u00fan sin tener equipo de preprensa puedes visualizarlas y\/o aplicarlas.<\/span><\/p>\n<p class=\"MsoNormal\" style=\"margin-bottom: 0.0001pt; text-align: justify; line-height: normal; background-image: initial; background-position: initial; background-size: initial; background-repeat: initial; background-attachment: initial; background-origin: initial; background-clip: initial;\"><span style=\"font-size: 12.0pt; mso-fareast-font-family: 'Times New Roman'; mso-bidi-font-family: Tahoma; color: #424242; letter-spacing: .4pt; mso-fareast-language: ES-MX;\">&nbsp;<\/span><\/p>\n<p class=\"MsoNormal\" style=\"margin-bottom: 0.0001pt; text-align: justify; line-height: normal; background-image: initial; background-position: initial; background-size: initial; background-repeat: initial; background-attachment: initial; background-origin: initial; background-clip: initial;\"><span style=\"color: black; font-size: 12pt; letter-spacing: 0.4pt;\">10.- En propiedades de impresi\u00f3n de un CTP se puede regular la lineatura de los trabajos, muchos dise\u00f1adores pasan de jugar con estos valores imprimiendo todo o casi todo a 150 l\u00edneas ya que suele ser lo seguro, pero la verdad es que el papel y la m\u00e1quina te determinar\u00e1 la lineatura, por ejemplo si en un papel grueso y poroso le metes lineatura de 175 te aseguro que saldr\u00e1 todo saturado que el trabajo tendr\u00e1s que repetirlo, para este tipo de papel por ejemplo puedes usar lineajes desde 85 hasta 133, esto es porque en los papeles porosos el punto tiende a expandirse siempre.<\/span><\/p>\n<p class=\"MsoNormal\" style=\"margin-bottom: 0.0001pt; text-align: justify; line-height: normal; background-image: initial; background-position: initial; background-size: initial; background-repeat: initial; background-attachment: initial; background-origin: initial; background-clip: initial;\"><span style=\"font-size: 12.0pt; mso-fareast-font-family: 'Times New Roman'; mso-bidi-font-family: Tahoma; color: #424242; letter-spacing: .4pt; mso-fareast-language: ES-MX;\">&nbsp;<\/span><\/p>\n<p class=\"MsoNormal\" style=\"margin-bottom: 0.0001pt; text-align: justify; line-height: normal; background-image: initial; background-position: initial; background-size: initial; background-repeat: initial; background-attachment: initial; background-origin: initial; background-clip: initial;\"><span style=\"color: black; font-size: 12pt; letter-spacing: 0.4pt;\">11.- Cuando vayas a imprimir plastas de color negro, trata que el porcentaje sea de 30%&nbsp; cyan y 100%&nbsp; negro ya que con esto obtenemos un negro brillante (negro rico) en cambio si la plasta se imprime nada mas en 100% negro tiende a quedar opaca.<\/span><\/p>\n<p class=\"MsoNormal\" style=\"margin-bottom: 0.0001pt; text-align: justify; line-height: normal; background-image: initial; background-position: initial; background-size: initial; background-repeat: initial; background-attachment: initial; background-origin: initial; background-clip: initial;\"><span style=\"color: black; font-size: 12pt; letter-spacing: 0.4pt;\">&nbsp;<\/span><\/p>\n<p class=\"MsoNormal\" style=\"margin-bottom: 0.0001pt; text-align: justify; line-height: normal; background-image: initial; background-position: initial; background-size: initial; background-repeat: initial; background-attachment: initial; background-origin: initial; background-clip: initial;\"><span style=\"color: black; font-size: 12pt; letter-spacing: 0.4pt;\">En realidad son muchos los puntos que existen para lograr un impreso excelente, pero algo de lo mas importante es esto que te acabo de resumir, si llegas a tener alguna duda con todo gusto puedes contactarnos y podemos ayudarte.<\/span><span style=\"font-size: 12.0pt; mso-fareast-font-family: 'Times New Roman'; mso-bidi-font-family: Tahoma; color: black; letter-spacing: .4pt; mso-fareast-language: ES-MX;\"><br><\/span><\/p>\t\t\t\t\t<\/div>\n\t\t\t\t\t\t<\/div>\n\t\t\t\t<\/div>\n\t\t\t\t\t\t<\/div>\n\t\t\t\t\t<\/div>\n\t\t<\/div>\n\t\t\t\t\t\t\t\t<\/div>\n\t\t\t\t\t<\/div>\n\t\t<\/section>\n\t\t\t\t\t\t\t\t\t<\/div>\n\t\t\t<\/div>\n\t\t\t\t\t<\/div>\n\t\t","protected":false},"excerpt":{"rendered":"<p>Consejos Utiles En esta secci\u00f3n encontrar\u00e1s recomendaciones y tips que te ayudar\u00e1n a generar archivos listos para impresi\u00f3n de alta calidad PREGUNTAS FRECUENTESHay alguna caracter\u00edstica o consejos de como debo de enviar mis archivos para evitar errores t\u00e9cnicos al momento de imprimir ? Hay algunos aspectos b\u00e1sicos que debes tomar en cuentas para que tu &hellip;<\/p>\n<p class=\"read-more\"> <a class=\"\" href=\"https:\/\/impsel.com\/?page_id=1387\"> <span class=\"screen-reader-text\">Consejos Utiles<\/span> Leer m\u00e1s &raquo;<\/a><\/p>\n","protected":false},"author":1,"featured_media":0,"parent":0,"menu_order":0,"comment_status":"closed","ping_status":"closed","template":"","meta":{"site-sidebar-layout":"no-sidebar","site-content-layout":"page-builder","ast-global-header-display":"","ast-banner-title-visibility":"","ast-main-header-display":"","ast-hfb-above-header-display":"","ast-hfb-below-header-display":"","ast-hfb-mobile-header-display":"","site-post-title":"disabled","ast-breadcrumbs-content":"","ast-featured-img":"disabled","footer-sml-layout":"","theme-transparent-header-meta":"default","adv-header-id-meta":"","stick-header-meta":"","header-above-stick-meta":"","header-main-stick-meta":"","header-below-stick-meta":"","footnotes":""},"class_list":["post-1387","page","type-page","status-publish","hentry"],"yoast_head":"<!-- This site is optimized with the Yoast SEO plugin v14.7 - https:\/\/yoast.com\/wordpress\/plugins\/seo\/ -->\n<title>Consejos Utiles - Impresiones Selectas<\/title>\n<meta name=\"robots\" content=\"index, follow\" \/>\n<meta name=\"googlebot\" content=\"index, follow, max-snippet:-1, max-image-preview:large, max-video-preview:-1\" \/>\n<meta name=\"bingbot\" content=\"index, follow, max-snippet:-1, max-image-preview:large, max-video-preview:-1\" \/>\n<link rel=\"canonical\" href=\"https:\/\/impsel.com\/?page_id=1387\" \/>\n<meta property=\"og:locale\" content=\"es_MX\" \/>\n<meta property=\"og:type\" content=\"article\" \/>\n<meta property=\"og:title\" content=\"Consejos Utiles - Impresiones Selectas\" \/>\n<meta property=\"og:description\" content=\"Consejos Utiles En esta secci\u00f3n encontrar\u00e1s recomendaciones y tips que te ayudar\u00e1n a generar archivos listos para impresi\u00f3n de alta calidad PREGUNTAS FRECUENTESHay alguna caracter\u00edstica o consejos de como debo de enviar mis archivos para evitar errores t\u00e9cnicos al momento de imprimir ? Hay algunos aspectos b\u00e1sicos que debes tomar en cuentas para que tu &hellip; Consejos Utiles Leer m\u00e1s &raquo;\" \/>\n<meta property=\"og:url\" content=\"https:\/\/impsel.com\/?page_id=1387\" \/>\n<meta property=\"og:site_name\" content=\"Impresiones Selectas\" \/>\n<meta property=\"article:modified_time\" content=\"2023-08-15T00:16:36+00:00\" \/>\n<meta name=\"twitter:card\" content=\"summary_large_image\" \/>\n<script type=\"application\/ld+json\" class=\"yoast-schema-graph\">{\"@context\":\"https:\/\/schema.org\",\"@graph\":[{\"@type\":\"WebSite\",\"@id\":\"https:\/\/impsel.com\/#website\",\"url\":\"https:\/\/impsel.com\/\",\"name\":\"Impresiones Selectas\",\"description\":\"La mejor Imprenta de Sonora\",\"potentialAction\":[{\"@type\":\"SearchAction\",\"target\":\"https:\/\/impsel.com\/?s={search_term_string}\",\"query-input\":\"required name=search_term_string\"}],\"inLanguage\":\"es\"},{\"@type\":\"WebPage\",\"@id\":\"https:\/\/impsel.com\/?page_id=1387#webpage\",\"url\":\"https:\/\/impsel.com\/?page_id=1387\",\"name\":\"Consejos Utiles - Impresiones Selectas\",\"isPartOf\":{\"@id\":\"https:\/\/impsel.com\/#website\"},\"datePublished\":\"2020-07-11T21:30:45+00:00\",\"dateModified\":\"2023-08-15T00:16:36+00:00\",\"inLanguage\":\"es\",\"potentialAction\":[{\"@type\":\"ReadAction\",\"target\":[\"https:\/\/impsel.com\/?page_id=1387\"]}]}]}<\/script>\n<!-- \/ Yoast SEO plugin. -->","_links":{"self":[{"href":"https:\/\/impsel.com\/index.php?rest_route=\/wp\/v2\/pages\/1387","targetHints":{"allow":["GET"]}}],"collection":[{"href":"https:\/\/impsel.com\/index.php?rest_route=\/wp\/v2\/pages"}],"about":[{"href":"https:\/\/impsel.com\/index.php?rest_route=\/wp\/v2\/types\/page"}],"author":[{"embeddable":true,"href":"https:\/\/impsel.com\/index.php?rest_route=\/wp\/v2\/users\/1"}],"replies":[{"embeddable":true,"href":"https:\/\/impsel.com\/index.php?rest_route=%2Fwp%2Fv2%2Fcomments&post=1387"}],"version-history":[{"count":9,"href":"https:\/\/impsel.com\/index.php?rest_route=\/wp\/v2\/pages\/1387\/revisions"}],"predecessor-version":[{"id":1626,"href":"https:\/\/impsel.com\/index.php?rest_route=\/wp\/v2\/pages\/1387\/revisions\/1626"}],"wp:attachment":[{"href":"https:\/\/impsel.com\/index.php?rest_route=%2Fwp%2Fv2%2Fmedia&parent=1387"}],"curies":[{"name":"wp","href":"https:\/\/api.w.org\/{rel}","templated":true}]}}